{"id":442,"date":"2019-08-09T08:43:10","date_gmt":"2019-08-09T06:43:10","guid":{"rendered":"https:\/\/www.tyreweb.de\/impressum\/"},"modified":"2025-08-20T10:18:29","modified_gmt":"2025-08-20T08:18:29","slug":"impressum","status":"publish","type":"page","link":"https:\/\/www.tyreweb.de\/nl\/impressum\/","title":{"rendered":"Impressum"},"content":{"rendered":"<p>[et_pb_section fb_built=&#8221;1&#8243; _builder_version=&#8221;4.16&#8243; background_color=&#8221;#050505&#8243; global_colors_info=&#8221;{}&#8221;][et_pb_row _builder_version=&#8221;4.16&#8243; global_colors_info=&#8221;{}&#8221;][et_pb_column type=&#8221;4_4&#8243; _builder_version=&#8221;4.16&#8243; global_colors_info=&#8221;{}&#8221;][et_pb_text _builder_version=&#8221;4.27.4&#8243; text_text_color=&#8221;#ffffff&#8221; text_font_size=&#8221;25px&#8221; header_font=&#8221;|||on|on|||#005bb7|double&#8221; header_text_color=&#8221;#ffffff&#8221; header_font_size=&#8221;45px&#8221; header_2_font=&#8221;||||on|on||#005bb7|&#8221; header_2_text_color=&#8221;#ffffff&#8221; header_3_font=&#8221;||||on|||#005bb7|&#8221; header_3_text_color=&#8221;#ffffff&#8221; header_3_font_size=&#8221;30px&#8221; hover_enabled=&#8221;0&#8243; global_colors_info=&#8221;{}&#8221; sticky_enabled=&#8221;0&#8243;]<\/p>\n<h1>Site Notice<\/h1>\n<p>Tyreweb GmbH<br \/>Im Hammereisen 27e<br \/>47559 Kranenburg-N\u00fctterden<\/p>\n<p>Commercial Register: HRB 7923<br \/>Registration court: Amtsgericht Kleve<\/p>\n<p><strong>Represented by:<\/strong><br \/>Gesch\u00e4ftsf\u00fchrer: Menno Beukers<\/p>\n<h2>Contact<\/h2>\n<p>Phone: 02826\/91896-0<br \/>Telefax: 02826\/91896-10<br \/>E-mail: info@tyreweb.de<\/p>\n<h2>VAT ID<\/h2>\n<p>Sales tax identification number according to Sect. 27 a of the Sales Tax Law:<br \/>DE814572342<\/p>\n<h2>Dispute resolution proceedings in front of a consumer arbitration board<\/h2>\n<p>We are not willing or obliged to participate in dispute resolution proceedings in front of a consumer arbitration board.<\/p>\n<p>[\/et_pb_text][\/et_pb_column][\/et_pb_row][\/et_pb_section]<\/p>\n","protected":false},"excerpt":{"rendered":"<p>Site Notice Tyreweb GmbHIm Hammereisen 27e47559 Kranenburg-N\u00fctterden Commercial Register: HRB 7923Registration court: Amtsgericht Kleve Represented by:Gesch\u00e4ftsf\u00fchrer: Menno Beukers Contact Phone: 02826\/91896-0Telefax: 02826\/91896-10E-mail: info@tyreweb.de VAT ID Sales tax identification number according to Sect. 27 a of the Sales Tax Law:DE814572342 Dispute resolution proceedings in front of a consumer arbitration board We are not willing or obliged [&hellip;]<\/p>\n","protected":false},"author":1,"featured_media":0,"parent":0,"menu_order":1100,"comment_status":"closed","ping_status":"closed","template":"","meta":{"_et_pb_use_builder":"on","_et_pb_old_content":"","_et_gb_content_width":"","footnotes":""},"class_list":["post-442","page","type-page","status-publish","hentry"],"yoast_head":"<!-- This site is optimized with the Yoast SEO plugin v26.5 - https:\/\/yoast.com\/wordpress\/plugins\/seo\/ -->\n<title>Tyreweb in Kranenburg-N\u00fctterden | belangrijke adressen in het impressum<\/title>\n<meta name=\"description\" content=\"Ontdek alle adresgegevens en nog veel meer in het impressum | In het impressum vindt u alles wat u zoekt | Kijk er nu naar | \u260e(02826 \/ 91896-0)\" \/>\n<meta name=\"robots\" content=\"index, follow, max-snippet:-1, max-image-preview:large, max-video-preview:-1\" \/>\n<link rel=\"canonical\" href=\"https:\/\/www.tyreweb.de\/nl\/impressum\/\" \/>\n<meta property=\"og:locale\" content=\"nl_NL\" \/>\n<meta property=\"og:type\" content=\"article\" \/>\n<meta property=\"og:title\" content=\"Tyreweb in Kranenburg-N\u00fctterden | belangrijke adressen in het impressum\" \/>\n<meta property=\"og:description\" content=\"Ontdek alle adresgegevens en nog veel meer in het impressum | In het impressum vindt u alles wat u zoekt | Kijk er nu naar | \u260e(02826 \/ 91896-0)\" \/>\n<meta property=\"og:url\" content=\"https:\/\/www.tyreweb.de\/nl\/impressum\/\" \/>\n<meta property=\"og:site_name\" content=\"TyreWeb\" \/>\n<meta property=\"article:modified_time\" content=\"2025-08-20T08:18:29+00:00\" \/>\n<meta name=\"twitter:card\" content=\"summary_large_image\" \/>\n<meta name=\"twitter:label1\" content=\"Geschatte leestijd\" \/>\n\t<meta name=\"twitter:data1\" content=\"1 minuut\" \/>\n<script type=\"application\/ld+json\" class=\"yoast-schema-graph\">{\"@context\":\"https:\/\/schema.org\",\"@graph\":[{\"@type\":\"WebPage\",\"@id\":\"https:\/\/www.tyreweb.de\/nl\/impressum\/\",\"url\":\"https:\/\/www.tyreweb.de\/nl\/impressum\/\",\"name\":\"Tyreweb in Kranenburg-N\u00fctterden | belangrijke adressen in het impressum\",\"isPartOf\":{\"@id\":\"https:\/\/www.tyreweb.de\/nl\/#website\"},\"datePublished\":\"2019-08-09T06:43:10+00:00\",\"dateModified\":\"2025-08-20T08:18:29+00:00\",\"description\":\"Ontdek alle adresgegevens en nog veel meer in het impressum | In het impressum vindt u alles wat u zoekt | Kijk er nu naar | \u260e(02826 \/ 91896-0)\",\"breadcrumb\":{\"@id\":\"https:\/\/www.tyreweb.de\/nl\/impressum\/#breadcrumb\"},\"inLanguage\":\"nl-NL\",\"potentialAction\":[{\"@type\":\"ReadAction\",\"target\":[\"https:\/\/www.tyreweb.de\/nl\/impressum\/\"]}]},{\"@type\":\"BreadcrumbList\",\"@id\":\"https:\/\/www.tyreweb.de\/nl\/impressum\/#breadcrumb\",\"itemListElement\":[{\"@type\":\"ListItem\",\"position\":1,\"name\":\"Home\",\"item\":\"https:\/\/www.tyreweb.de\/nl\/\"},{\"@type\":\"ListItem\",\"position\":2,\"name\":\"Impressum\"}]},{\"@type\":\"WebSite\",\"@id\":\"https:\/\/www.tyreweb.de\/nl\/#website\",\"url\":\"https:\/\/www.tyreweb.de\/nl\/\",\"name\":\"TyreWeb\",\"description\":\"Slogan\",\"potentialAction\":[{\"@type\":\"SearchAction\",\"target\":{\"@type\":\"EntryPoint\",\"urlTemplate\":\"https:\/\/www.tyreweb.de\/nl\/?s={search_term_string}\"},\"query-input\":{\"@type\":\"PropertyValueSpecification\",\"valueRequired\":true,\"valueName\":\"search_term_string\"}}],\"inLanguage\":\"nl-NL\"}]}<\/script>\n<!-- \/ Yoast SEO plugin. -->","yoast_head_json":{"title":"Tyreweb in Kranenburg-N\u00fctterden | belangrijke adressen in het impressum","description":"Ontdek alle adresgegevens en nog veel meer in het impressum | In het impressum vindt u alles wat u zoekt | Kijk er nu naar | \u260e(02826 \/ 91896-0)","robots":{"index":"index","follow":"follow","max-snippet":"max-snippet:-1","max-image-preview":"max-image-preview:large","max-video-preview":"max-video-preview:-1"},"canonical":"https:\/\/www.tyreweb.de\/nl\/impressum\/","og_locale":"nl_NL","og_type":"article","og_title":"Tyreweb in Kranenburg-N\u00fctterden | belangrijke adressen in het impressum","og_description":"Ontdek alle adresgegevens en nog veel meer in het impressum | In het impressum vindt u alles wat u zoekt | Kijk er nu naar | \u260e(02826 \/ 91896-0)","og_url":"https:\/\/www.tyreweb.de\/nl\/impressum\/","og_site_name":"TyreWeb","article_modified_time":"2025-08-20T08:18:29+00:00","twitter_card":"summary_large_image","twitter_misc":{"Geschatte leestijd":"1 minuut"},"schema":{"@context":"https:\/\/schema.org","@graph":[{"@type":"WebPage","@id":"https:\/\/www.tyreweb.de\/nl\/impressum\/","url":"https:\/\/www.tyreweb.de\/nl\/impressum\/","name":"Tyreweb in Kranenburg-N\u00fctterden | belangrijke adressen in het impressum","isPartOf":{"@id":"https:\/\/www.tyreweb.de\/nl\/#website"},"datePublished":"2019-08-09T06:43:10+00:00","dateModified":"2025-08-20T08:18:29+00:00","description":"Ontdek alle adresgegevens en nog veel meer in het impressum | In het impressum vindt u alles wat u zoekt | Kijk er nu naar | \u260e(02826 \/ 91896-0)","breadcrumb":{"@id":"https:\/\/www.tyreweb.de\/nl\/impressum\/#breadcrumb"},"inLanguage":"nl-NL","potentialAction":[{"@type":"ReadAction","target":["https:\/\/www.tyreweb.de\/nl\/impressum\/"]}]},{"@type":"BreadcrumbList","@id":"https:\/\/www.tyreweb.de\/nl\/impressum\/#breadcrumb","itemListElement":[{"@type":"ListItem","position":1,"name":"Home","item":"https:\/\/www.tyreweb.de\/nl\/"},{"@type":"ListItem","position":2,"name":"Impressum"}]},{"@type":"WebSite","@id":"https:\/\/www.tyreweb.de\/nl\/#website","url":"https:\/\/www.tyreweb.de\/nl\/","name":"TyreWeb","description":"Slogan","potentialAction":[{"@type":"SearchAction","target":{"@type":"EntryPoint","urlTemplate":"https:\/\/www.tyreweb.de\/nl\/?s={search_term_string}"},"query-input":{"@type":"PropertyValueSpecification","valueRequired":true,"valueName":"search_term_string"}}],"inLanguage":"nl-NL"}]}},"_links":{"self":[{"href":"https:\/\/www.tyreweb.de\/nl\/wp-json\/wp\/v2\/pages\/442","targetHints":{"allow":["GET"]}}],"collection":[{"href":"https:\/\/www.tyreweb.de\/nl\/wp-json\/wp\/v2\/pages"}],"about":[{"href":"https:\/\/www.tyreweb.de\/nl\/wp-json\/wp\/v2\/types\/page"}],"author":[{"embeddable":true,"href":"https:\/\/www.tyreweb.de\/nl\/wp-json\/wp\/v2\/users\/1"}],"replies":[{"embeddable":true,"href":"https:\/\/www.tyreweb.de\/nl\/wp-json\/wp\/v2\/comments?post=442"}],"version-history":[{"count":6,"href":"https:\/\/www.tyreweb.de\/nl\/wp-json\/wp\/v2\/pages\/442\/revisions"}],"predecessor-version":[{"id":1448,"href":"https:\/\/www.tyreweb.de\/nl\/wp-json\/wp\/v2\/pages\/442\/revisions\/1448"}],"wp:attachment":[{"href":"https:\/\/www.tyreweb.de\/nl\/wp-json\/wp\/v2\/media?parent=442"}],"curies":[{"name":"wp","href":"https:\/\/api.w.org\/{rel}","templated":true}]}}